{"id":161,"date":"2026-01-13T17:36:03","date_gmt":"2026-01-13T15:36:03","guid":{"rendered":"https:\/\/manteslaville.org\/?page_id=161"},"modified":"2026-01-20T09:28:42","modified_gmt":"2026-01-20T07:28:42","slug":"fin-des-depots-demandes-de-subvention-2026","status":"publish","type":"page","link":"https:\/\/manteslaville.org\/","title":{"rendered":"Fin des d\u00e9p\u00f4ts &#8211; Demandes de subvention 2026"},"content":{"rendered":"\n<p>La p\u00e9riode de d\u00e9p\u00f4t des demandes de subvention est termin\u00e9e depuis le samedi 17 janvier 2026 \u00e0 23h59. Les services municipaux \u00e9tudient actuellement les dossiers d\u00e9pos\u00e9s.<\/p>\n\n\n\n<p>La commission d\u2019attribution des subventions aura lieu apr\u00e8s le vote du budget 2026, \u00e0 l\u2019issue des \u00e9lections municipales.<\/p>\n\n\n\n<p>Pour tout compl\u00e9ment d&rsquo;information, vous pouvez contacter le service \u00e0 l&rsquo;adresse association@manteslaville.fr<br><\/p>\n\n\n\n<p><\/p>\n","protected":false},"excerpt":{"rendered":"<p>La p\u00e9riode de d\u00e9p\u00f4t des demandes de subvention est termin\u00e9e depuis le samedi 17 janvier 2026 \u00e0 23h59. Les services municipaux \u00e9tudient actuellement les dossiers d\u00e9pos\u00e9s. La commission d\u2019attribution des&hellip;<\/p>\n","protected":false},"author":1,"featured_media":0,"parent":0,"menu_order":0,"comment_status":"closed","ping_status":"closed","template":"","meta":{"footnotes":""},"class_list":["post-161","page","type-page","status-publish","hentry"],"_links":{"self":[{"href":"https:\/\/manteslaville.org\/index.php\/wp-json\/wp\/v2\/pages\/161","targetHints":{"allow":["GET"]}}],"collection":[{"href":"https:\/\/manteslaville.org\/index.php\/wp-json\/wp\/v2\/pages"}],"about":[{"href":"https:\/\/manteslaville.org\/index.php\/wp-json\/wp\/v2\/types\/page"}],"author":[{"embeddable":true,"href":"https:\/\/manteslaville.org\/index.php\/wp-json\/wp\/v2\/users\/1"}],"replies":[{"embeddable":true,"href":"https:\/\/manteslaville.org\/index.php\/wp-json\/wp\/v2\/comments?post=161"}],"version-history":[{"count":5,"href":"https:\/\/manteslaville.org\/index.php\/wp-json\/wp\/v2\/pages\/161\/revisions"}],"predecessor-version":[{"id":166,"href":"https:\/\/manteslaville.org\/index.php\/wp-json\/wp\/v2\/pages\/161\/revisions\/166"}],"wp:attachment":[{"href":"https:\/\/manteslaville.org\/index.php\/wp-json\/wp\/v2\/media?parent=161"}],"curies":[{"name":"wp","href":"https:\/\/api.w.org\/{rel}","templated":true}]}}